{"id":91,"date":"2019-03-25T22:29:39","date_gmt":"2019-03-25T21:29:39","guid":{"rendered":"http:\/\/compagnie-franlia-hanna-fiedrich.com\/?page_id=91"},"modified":"2019-04-21T16:51:22","modified_gmt":"2019-04-21T14:51:22","slug":"amour-et-la-mer","status":"publish","type":"page","link":"https:\/\/compagnie-franlia-hanna-fiedrich.com\/index.php\/creations-actuelles\/amour-et-la-mer\/","title":{"rendered":"L&rsquo;amour et la mer"},"content":{"rendered":"\n<p>\nde Hanna Fiedrich<\/p>\n\n\n\n<figure class=\"wp-block-embed-youtube wp-block-embed is-type-video is-provider-youtube wp-embed-aspect-16-9 wp-has-aspect-ratio\"><div class=\"wp-block-embed__wrapper\">\n<iframe loading=\"lazy\" title=\"L&#039;Amour et la Mer de et avec Hanna Fiedrich\" width=\"525\" height=\"295\" src=\"https:\/\/www.youtube.com\/embed\/Ft2I4xdKHY8?feature=oembed\" frameborder=\"0\" allow=\"accelerometer; autoplay; clipboard-write; encrypted-media; gyroscope; picture-in-picture; web-share\" referrerpolicy=\"strict-origin-when-cross-origin\" allowfullscreen><\/iframe>\n<\/div><\/figure>\n\n\n\n<p>Cette lecture-spectacle est un hommage po\u00e9tique au romantisme.<\/p>\n\n\n\n<p>\nLa fascination pour le grand bleu et pour l\u2019amour, deux grands\nth\u00e8mes universels se croisent et finissent par se m\u00ealer.<\/p>\n\n\n\n<p>La perte de son bien-aim\u00e9 et l\u2019espoir qui perdure gr\u00e2ce \u00e0 la consolation dans l\u2019immensit\u00e9 des flots sont accompagn\u00e9s d\u2019une romance musicale. Un univers de pure \u00e9motion s\u2019ouvre alors, avec des r\u00e9flexions sur les relations humaines et sur l\u2019amour infini.<\/p>\n\n\n\n<p>\nCom\u00e9dienne&nbsp;: Hanna Fiedrich<\/p>\n\n\n\n<h2 class=\"wp-block-heading\"><a href=\"https:\/\/drive.google.com\/open?id=1I1Ck-KPrQDkMV9vBRhlakrIBd8DAXfAt\">T\u00e9l\u00e9charger le dossier<\/a><\/h2>\n\n\n\n<h2 class=\"wp-block-heading\">Photos<\/h2>\n\n\n\n<ul class=\"wp-block-gallery columns-3 is-cropped wp-block-gallery-1 is-layout-flex wp-block-gallery-is-layout-flex\"><li class=\"blocks-gallery-item\"><figure><img loading=\"lazy\" decoding=\"async\" width=\"1024\" height=\"576\" src=\"http:\/\/compagnie-franlia-hanna-fiedrich.com\/wp-content\/uploads\/2019\/04\/MVI_3210.00_02_15_19.Image-fixe023-1024x576.jpg\" alt=\"\" data-id=\"597\" data-link=\"http:\/\/compagnie-franlia-hanna-fiedrich.com\/mvi_3210-00_02_15_19-image-fixe023\/\" class=\"wp-image-597\" srcset=\"https:\/\/compagnie-franlia-hanna-fiedrich.com\/wp-content\/uploads\/2019\/04\/MVI_3210.00_02_15_19.Image-fixe023-1024x576.jpg 1024w, https:\/\/compagnie-franlia-hanna-fiedrich.com\/wp-content\/uploads\/2019\/04\/MVI_3210.00_02_15_19.Image-fixe023-300x169.jpg 300w, https:\/\/compagnie-franlia-hanna-fiedrich.com\/wp-content\/uploads\/2019\/04\/MVI_3210.00_02_15_19.Image-fixe023-768x432.jpg 768w, https:\/\/compagnie-franlia-hanna-fiedrich.com\/wp-content\/uploads\/2019\/04\/MVI_3210.00_02_15_19.Image-fixe023.jpg 1920w\" sizes=\"auto, (max-width: 767px) 89vw, (max-width: 1000px) 54vw, (max-width: 1071px) 543px, 580px\" \/><\/figure><\/li><li class=\"blocks-gallery-item\"><figure><img loading=\"lazy\" decoding=\"async\" width=\"1024\" height=\"576\" src=\"http:\/\/compagnie-franlia-hanna-fiedrich.com\/wp-content\/uploads\/2019\/04\/MVI_3210.00_01_39_02.Image-fixe017-1024x576.jpg\" alt=\"\" data-id=\"594\" data-link=\"http:\/\/compagnie-franlia-hanna-fiedrich.com\/mvi_3210-00_01_39_02-image-fixe017\/\" class=\"wp-image-594\" srcset=\"https:\/\/compagnie-franlia-hanna-fiedrich.com\/wp-content\/uploads\/2019\/04\/MVI_3210.00_01_39_02.Image-fixe017-1024x576.jpg 1024w, https:\/\/compagnie-franlia-hanna-fiedrich.com\/wp-content\/uploads\/2019\/04\/MVI_3210.00_01_39_02.Image-fixe017-300x169.jpg 300w, https:\/\/compagnie-franlia-hanna-fiedrich.com\/wp-content\/uploads\/2019\/04\/MVI_3210.00_01_39_02.Image-fixe017-768x432.jpg 768w, https:\/\/compagnie-franlia-hanna-fiedrich.com\/wp-content\/uploads\/2019\/04\/MVI_3210.00_01_39_02.Image-fixe017.jpg 1920w\" sizes=\"auto, (max-width: 767px) 89vw, (max-width: 1000px) 54vw, (max-width: 1071px) 543px, 580px\" \/><\/figure><\/li><li class=\"blocks-gallery-item\"><figure><img loading=\"lazy\" decoding=\"async\" width=\"1024\" height=\"576\" src=\"http:\/\/compagnie-franlia-hanna-fiedrich.com\/wp-content\/uploads\/2019\/04\/MVI_3210.00_01_34_23.Image-fixe016-1024x576.jpg\" alt=\"\" data-id=\"593\" data-link=\"http:\/\/compagnie-franlia-hanna-fiedrich.com\/mvi_3210-00_01_34_23-image-fixe016\/\" class=\"wp-image-593\" srcset=\"https:\/\/compagnie-franlia-hanna-fiedrich.com\/wp-content\/uploads\/2019\/04\/MVI_3210.00_01_34_23.Image-fixe016-1024x576.jpg 1024w, https:\/\/compagnie-franlia-hanna-fiedrich.com\/wp-content\/uploads\/2019\/04\/MVI_3210.00_01_34_23.Image-fixe016-300x169.jpg 300w, https:\/\/compagnie-franlia-hanna-fiedrich.com\/wp-content\/uploads\/2019\/04\/MVI_3210.00_01_34_23.Image-fixe016-768x432.jpg 768w, https:\/\/compagnie-franlia-hanna-fiedrich.com\/wp-content\/uploads\/2019\/04\/MVI_3210.00_01_34_23.Image-fixe016.jpg 1920w\" sizes=\"auto, (max-width: 767px) 89vw, (max-width: 1000px) 54vw, (max-width: 1071px) 543px, 580px\" \/><\/figure><\/li><li class=\"blocks-gallery-item\"><figure><img loading=\"lazy\" decoding=\"async\" width=\"1024\" height=\"576\" src=\"http:\/\/compagnie-franlia-hanna-fiedrich.com\/wp-content\/uploads\/2019\/04\/MVI_3210.00_01_16_13.Image-fixe014-1024x576.jpg\" alt=\"\" data-id=\"591\" data-link=\"http:\/\/compagnie-franlia-hanna-fiedrich.com\/mvi_3210-00_01_16_13-image-fixe014\/\" class=\"wp-image-591\" srcset=\"https:\/\/compagnie-franlia-hanna-fiedrich.com\/wp-content\/uploads\/2019\/04\/MVI_3210.00_01_16_13.Image-fixe014-1024x576.jpg 1024w, https:\/\/compagnie-franlia-hanna-fiedrich.com\/wp-content\/uploads\/2019\/04\/MVI_3210.00_01_16_13.Image-fixe014-300x169.jpg 300w, https:\/\/compagnie-franlia-hanna-fiedrich.com\/wp-content\/uploads\/2019\/04\/MVI_3210.00_01_16_13.Image-fixe014-768x432.jpg 768w, https:\/\/compagnie-franlia-hanna-fiedrich.com\/wp-content\/uploads\/2019\/04\/MVI_3210.00_01_16_13.Image-fixe014.jpg 1920w\" sizes=\"auto, (max-width: 767px) 89vw, (max-width: 1000px) 54vw, (max-width: 1071px) 543px, 580px\" \/><\/figure><\/li><li class=\"blocks-gallery-item\"><figure><img loading=\"lazy\" decoding=\"async\" width=\"1024\" height=\"576\" src=\"http:\/\/compagnie-franlia-hanna-fiedrich.com\/wp-content\/uploads\/2019\/04\/MVI_3210.00_00_44_02.Image-fixe007-1024x576.jpg\" alt=\"\" data-id=\"587\" data-link=\"http:\/\/compagnie-franlia-hanna-fiedrich.com\/mvi_3210-00_00_44_02-image-fixe007\/\" class=\"wp-image-587\" srcset=\"https:\/\/compagnie-franlia-hanna-fiedrich.com\/wp-content\/uploads\/2019\/04\/MVI_3210.00_00_44_02.Image-fixe007-1024x576.jpg 1024w, https:\/\/compagnie-franlia-hanna-fiedrich.com\/wp-content\/uploads\/2019\/04\/MVI_3210.00_00_44_02.Image-fixe007-300x169.jpg 300w, https:\/\/compagnie-franlia-hanna-fiedrich.com\/wp-content\/uploads\/2019\/04\/MVI_3210.00_00_44_02.Image-fixe007-768x432.jpg 768w, https:\/\/compagnie-franlia-hanna-fiedrich.com\/wp-content\/uploads\/2019\/04\/MVI_3210.00_00_44_02.Image-fixe007.jpg 1920w\" sizes=\"auto, (max-width: 767px) 89vw, (max-width: 1000px) 54vw, (max-width: 1071px) 543px, 580px\" \/><\/figure><\/li><li class=\"blocks-gallery-item\"><figure><img loading=\"lazy\" decoding=\"async\" width=\"1024\" height=\"576\" src=\"http:\/\/compagnie-franlia-hanna-fiedrich.com\/wp-content\/uploads\/2019\/04\/MVI_3210.00_00_47_15.Image-fixe008-1024x576.jpg\" alt=\"\" data-id=\"588\" data-link=\"http:\/\/compagnie-franlia-hanna-fiedrich.com\/mvi_3210-00_00_47_15-image-fixe008\/\" class=\"wp-image-588\" srcset=\"https:\/\/compagnie-franlia-hanna-fiedrich.com\/wp-content\/uploads\/2019\/04\/MVI_3210.00_00_47_15.Image-fixe008-1024x576.jpg 1024w, https:\/\/compagnie-franlia-hanna-fiedrich.com\/wp-content\/uploads\/2019\/04\/MVI_3210.00_00_47_15.Image-fixe008-300x169.jpg 300w, https:\/\/compagnie-franlia-hanna-fiedrich.com\/wp-content\/uploads\/2019\/04\/MVI_3210.00_00_47_15.Image-fixe008-768x432.jpg 768w, https:\/\/compagnie-franlia-hanna-fiedrich.com\/wp-content\/uploads\/2019\/04\/MVI_3210.00_00_47_15.Image-fixe008.jpg 1920w\" sizes=\"auto, (max-width: 767px) 89vw, (max-width: 1000px) 54vw, (max-width: 1071px) 543px, 580px\" \/><\/figure><\/li><li class=\"blocks-gallery-item\"><figure><img loading=\"lazy\" decoding=\"async\" width=\"1024\" height=\"576\" src=\"http:\/\/compagnie-franlia-hanna-fiedrich.com\/wp-content\/uploads\/2019\/04\/MVI_3210.00_00_20_23.Image-fixe003-1024x576.jpg\" alt=\"\" data-id=\"585\" data-link=\"http:\/\/compagnie-franlia-hanna-fiedrich.com\/mvi_3210-00_00_20_23-image-fixe003\/\" class=\"wp-image-585\" srcset=\"https:\/\/compagnie-franlia-hanna-fiedrich.com\/wp-content\/uploads\/2019\/04\/MVI_3210.00_00_20_23.Image-fixe003-1024x576.jpg 1024w, https:\/\/compagnie-franlia-hanna-fiedrich.com\/wp-content\/uploads\/2019\/04\/MVI_3210.00_00_20_23.Image-fixe003-300x169.jpg 300w, https:\/\/compagnie-franlia-hanna-fiedrich.com\/wp-content\/uploads\/2019\/04\/MVI_3210.00_00_20_23.Image-fixe003-768x432.jpg 768w, https:\/\/compagnie-franlia-hanna-fiedrich.com\/wp-content\/uploads\/2019\/04\/MVI_3210.00_00_20_23.Image-fixe003.jpg 1920w\" sizes=\"auto, (max-width: 767px) 89vw, (max-width: 1000px) 54vw, (max-width: 1071px) 543px, 580px\" \/><\/figure><\/li><li class=\"blocks-gallery-item\"><figure><img loading=\"lazy\" decoding=\"async\" width=\"1024\" height=\"576\" src=\"http:\/\/compagnie-franlia-hanna-fiedrich.com\/wp-content\/uploads\/2019\/04\/MVI_3210.00_00_13_15.Image-fixe004-1024x576.jpg\" alt=\"\" data-id=\"584\" data-link=\"http:\/\/compagnie-franlia-hanna-fiedrich.com\/mvi_3210-00_00_13_15-image-fixe004\/\" class=\"wp-image-584\" srcset=\"https:\/\/compagnie-franlia-hanna-fiedrich.com\/wp-content\/uploads\/2019\/04\/MVI_3210.00_00_13_15.Image-fixe004-1024x576.jpg 1024w, https:\/\/compagnie-franlia-hanna-fiedrich.com\/wp-content\/uploads\/2019\/04\/MVI_3210.00_00_13_15.Image-fixe004-300x169.jpg 300w, https:\/\/compagnie-franlia-hanna-fiedrich.com\/wp-content\/uploads\/2019\/04\/MVI_3210.00_00_13_15.Image-fixe004-768x432.jpg 768w, https:\/\/compagnie-franlia-hanna-fiedrich.com\/wp-content\/uploads\/2019\/04\/MVI_3210.00_00_13_15.Image-fixe004.jpg 1920w\" sizes=\"auto, (max-width: 767px) 89vw, (max-width: 1000px) 54vw, (max-width: 1071px) 543px, 580px\" \/><\/figure><\/li><li class=\"blocks-gallery-item\"><figure><img loading=\"lazy\" decoding=\"async\" width=\"1024\" height=\"576\" src=\"http:\/\/compagnie-franlia-hanna-fiedrich.com\/wp-content\/uploads\/2019\/04\/MVI_3210.00_00_27_02.Image-fixe005-1024x576.jpg\" alt=\"\" data-id=\"586\" data-link=\"http:\/\/compagnie-franlia-hanna-fiedrich.com\/mvi_3210-00_00_27_02-image-fixe005\/\" class=\"wp-image-586\" srcset=\"https:\/\/compagnie-franlia-hanna-fiedrich.com\/wp-content\/uploads\/2019\/04\/MVI_3210.00_00_27_02.Image-fixe005-1024x576.jpg 1024w, https:\/\/compagnie-franlia-hanna-fiedrich.com\/wp-content\/uploads\/2019\/04\/MVI_3210.00_00_27_02.Image-fixe005-300x169.jpg 300w, https:\/\/compagnie-franlia-hanna-fiedrich.com\/wp-content\/uploads\/2019\/04\/MVI_3210.00_00_27_02.Image-fixe005-768x432.jpg 768w, https:\/\/compagnie-franlia-hanna-fiedrich.com\/wp-content\/uploads\/2019\/04\/MVI_3210.00_00_27_02.Image-fixe005.jpg 1920w\" sizes=\"auto, (max-width: 767px) 89vw, (max-width: 1000px) 54vw, (max-width: 1071px) 543px, 580px\" \/><\/figure><\/li><\/ul>\n\n\n\n<h2 class=\"wp-block-heading\">Livre d&rsquo;or<\/h2>\n\n\n\n<figure class=\"wp-block-image\"><img loading=\"lazy\" decoding=\"async\" width=\"723\" height=\"1024\" src=\"http:\/\/compagnie-franlia-hanna-fiedrich.com\/wp-content\/uploads\/2019\/04\/Lamour-et-la-mer-723x1024.jpg\" alt=\"\" class=\"wp-image-608\" srcset=\"https:\/\/compagnie-franlia-hanna-fiedrich.com\/wp-content\/uploads\/2019\/04\/Lamour-et-la-mer-723x1024.jpg 723w, https:\/\/compagnie-franlia-hanna-fiedrich.com\/wp-content\/uploads\/2019\/04\/Lamour-et-la-mer-212x300.jpg 212w, https:\/\/compagnie-franlia-hanna-fiedrich.com\/wp-content\/uploads\/2019\/04\/Lamour-et-la-mer-768x1087.jpg 768w, https:\/\/compagnie-franlia-hanna-fiedrich.com\/wp-content\/uploads\/2019\/04\/Lamour-et-la-mer.jpg 904w\" sizes=\"auto, (max-width: 723px) 100vw, 723px\" \/><\/figure>\n","protected":false},"excerpt":{"rendered":"<p>de Hanna Fiedrich Cette lecture-spectacle est un hommage po\u00e9tique au romantisme. La fascination pour le grand bleu et pour l\u2019amour, deux grands th\u00e8mes universels se croisent et finissent par se m\u00ealer. La perte de son bien-aim\u00e9 et l\u2019espoir qui perdure gr\u00e2ce \u00e0 la consolation dans l\u2019immensit\u00e9 des flots sont accompagn\u00e9s d\u2019une romance musicale. Un univers &hellip; <\/p>\n<p class=\"link-more\"><a href=\"https:\/\/compagnie-franlia-hanna-fiedrich.com\/index.php\/creations-actuelles\/amour-et-la-mer\/\" class=\"more-link\">Continuer la lecture<span class=\"screen-reader-text\"> de &laquo;&nbsp;L&rsquo;amour et la mer&nbsp;&raquo;<\/span><\/a><\/p>\n","protected":false},"author":1,"featured_media":0,"parent":47,"menu_order":3,"comment_status":"closed","ping_status":"closed","template":"","meta":{"footnotes":""},"class_list":["post-91","page","type-page","status-publish","hentry"],"_links":{"self":[{"href":"https:\/\/compagnie-franlia-hanna-fiedrich.com\/index.php\/wp-json\/wp\/v2\/pages\/91","targetHints":{"allow":["GET"]}}],"collection":[{"href":"https:\/\/compagnie-franlia-hanna-fiedrich.com\/index.php\/wp-json\/wp\/v2\/pages"}],"about":[{"href":"https:\/\/compagnie-franlia-hanna-fiedrich.com\/index.php\/wp-json\/wp\/v2\/types\/page"}],"author":[{"embeddable":true,"href":"https:\/\/compagnie-franlia-hanna-fiedrich.com\/index.php\/wp-json\/wp\/v2\/users\/1"}],"replies":[{"embeddable":true,"href":"https:\/\/compagnie-franlia-hanna-fiedrich.com\/index.php\/wp-json\/wp\/v2\/comments?post=91"}],"version-history":[{"count":11,"href":"https:\/\/compagnie-franlia-hanna-fiedrich.com\/index.php\/wp-json\/wp\/v2\/pages\/91\/revisions"}],"predecessor-version":[{"id":781,"href":"https:\/\/compagnie-franlia-hanna-fiedrich.com\/index.php\/wp-json\/wp\/v2\/pages\/91\/revisions\/781"}],"up":[{"embeddable":true,"href":"https:\/\/compagnie-franlia-hanna-fiedrich.com\/index.php\/wp-json\/wp\/v2\/pages\/47"}],"wp:attachment":[{"href":"https:\/\/compagnie-franlia-hanna-fiedrich.com\/index.php\/wp-json\/wp\/v2\/media?parent=91"}],"curies":[{"name":"wp","href":"https:\/\/api.w.org\/{rel}","templated":true}]}}