{"id":64,"date":"2019-03-25T22:17:32","date_gmt":"2019-03-25T21:17:32","guid":{"rendered":"http:\/\/compagnie-franlia-hanna-fiedrich.com\/?page_id=64"},"modified":"2019-04-21T16:45:29","modified_gmt":"2019-04-21T14:45:29","slug":"la-voix-humaine","status":"publish","type":"page","link":"https:\/\/compagnie-franlia-hanna-fiedrich.com\/index.php\/creations-actuelles\/la-voix-humaine\/","title":{"rendered":"La voix humaine"},"content":{"rendered":"\n<figure class=\"wp-block-embed-youtube wp-block-embed is-type-video is-provider-youtube wp-embed-aspect-16-9 wp-has-aspect-ratio\"><div class=\"wp-block-embed__wrapper\">\n<iframe loading=\"lazy\" title=\"La Voix Humaine de Jean Cocteau\" width=\"525\" height=\"295\" src=\"https:\/\/www.youtube.com\/embed\/-MPE3Mi74V8?feature=oembed\" frameborder=\"0\" allow=\"accelerometer; autoplay; clipboard-write; encrypted-media; gyroscope; picture-in-picture; web-share\" referrerpolicy=\"strict-origin-when-cross-origin\" allowfullscreen><\/iframe>\n<\/div><\/figure>\n\n\n\n<figure class=\"wp-block-embed-youtube wp-block-embed is-type-video is-provider-youtube wp-embed-aspect-16-9 wp-has-aspect-ratio\"><div class=\"wp-block-embed__wrapper\">\n<iframe loading=\"lazy\" title=\"La Voix Humaine France3 Corse\" width=\"525\" height=\"295\" src=\"https:\/\/www.youtube.com\/embed\/sRiJyu9PN2k?feature=oembed\" frameborder=\"0\" allow=\"accelerometer; autoplay; clipboard-write; encrypted-media; gyroscope; picture-in-picture; web-share\" referrerpolicy=\"strict-origin-when-cross-origin\" allowfullscreen><\/iframe>\n<\/div><\/figure>\n\n\n\n<p>\u00ab\u00a0La voix humaine\u00a0\u00bb de Jean Cocteau<\/p>\n\n\n\n<p> \u00ab All\u00f4, c\u2019est toi ? \u00bb Une femme parle au t\u00e9l\u00e9phone pour la derni\u00e8re fois avec son amant. Elle est seule avec sa voix et sait qu\u2019il va la quitter.<\/p>\n\n\n\n<p>\nLe t\u00e9l\u00e9phone est le dernier contact qu\u2019il lui reste avec son\nbien-aim\u00e9. L\u2019homme est absent, ses r\u00e9ponses sollicitent notre\nimagination.<\/p>\n\n\n\n<p> La voix humaine est le portrait touchant d\u2019un amour. Il pose la question de l\u2019absolu de l\u2019amour, et de l\u2019insoutenable.<\/p>\n\n\n\n<p> La femme est d\u00e9chir\u00e9e entre ses efforts pour rester forte et ses doutes, entre une indiff\u00e9rence apparente et des acc\u00e8s de sentiments. Elle dissimule, trompe, ment, mais pourtant dit tout. Va-t-elle s\u2019effondrer sous la rupture ou bien peut-elle se lib\u00e9rer de l\u2019objet de son d\u00e9sir ? Le combin\u00e9 tombe&#8230;.<\/p>\n\n\n\n<p>\nCom\u00e9dienne&nbsp;: Hanna Fiedrich<\/p>\n\n\n\n<p>\nMetteur en sc\u00e8ne&nbsp;: Andreas Neu<\/p>\n\n\n\n<p class=\"has-small-font-size\">\nAndreas Neu, n\u00e9 en 1958 \u00e0 Berlin, a suivi des \u00e9tudes de mise en\nsc\u00e8ne \u00e0 l\u2019\u00e9cole sup\u00e9rieure d\u2019art dramatique \u00ab Ernst Busch \u00bb\n\u00e0 Berlin. Depuis 1987, il est r\u00e9gisseur, metteur en sc\u00e8ne,\ndramaturge et auteur dans de nombreuses villes d\u2019Allemagne. Il est\n\u00e9galement professeur \u00e0 \u00ab Ernst Busch \u00bb, Berlin, et \u00e0 l\u2019\u00e9cole\nsup\u00e9rieure du film et de la t\u00e9l\u00e9vision \u00ab K.Wolf \u00bb de Babelsberg.<\/p>\n\n\n\n<p class=\"has-small-font-size\">\nIl a occup\u00e9 d&rsquo;autres fonctions comme celle de directeur de la\nsc\u00e9nographie au Th\u00e9\u00e2tre R\u00e9gional de Magdeburg, ou comme celle de\ndirecteur artistique au \u00ab Gerhart-Hauptmann-Theater \u00bb \u00e0 Zittau.<\/p>\n\n\n\n<h2 class=\"wp-block-heading\"><a href=\"https:\/\/drive.google.com\/open?id=1DTJ8X_jeI9ey0eBX-vbJnjW-zZV_IiZH\">T\u00e9l\u00e9charger le dossier<\/a><\/h2>\n\n\n\n<h2 class=\"wp-block-heading\">Photos<\/h2>\n\n\n\n<ul class=\"wp-block-gallery columns-3 is-cropped wp-block-gallery-1 is-layout-flex wp-block-gallery-is-layout-flex\"><li class=\"blocks-gallery-item\"><figure><img loading=\"lazy\" decoding=\"async\" width=\"725\" height=\"490\" src=\"http:\/\/compagnie-franlia-hanna-fiedrich.com\/wp-content\/uploads\/2019\/03\/Copie_de_La_Voix_Humaine_009671.png\" alt=\"\" data-id=\"231\" data-link=\"http:\/\/compagnie-franlia-hanna-fiedrich.com\/copie_de_la_voix_humaine_009671\/\" class=\"wp-image-231\" srcset=\"https:\/\/compagnie-franlia-hanna-fiedrich.com\/wp-content\/uploads\/2019\/03\/Copie_de_La_Voix_Humaine_009671.png 725w, https:\/\/compagnie-franlia-hanna-fiedrich.com\/wp-content\/uploads\/2019\/03\/Copie_de_La_Voix_Humaine_009671-300x203.png 300w\" sizes=\"auto, (max-width: 725px) 100vw, 725px\" \/><\/figure><\/li><li class=\"blocks-gallery-item\"><figure><img loading=\"lazy\" decoding=\"async\" width=\"683\" height=\"1024\" src=\"http:\/\/compagnie-franlia-hanna-fiedrich.com\/wp-content\/uploads\/2019\/03\/Copie_de_IMG_00341-683x1024.jpg\" alt=\"\" data-id=\"230\" data-link=\"http:\/\/compagnie-franlia-hanna-fiedrich.com\/copie_de_img_00341\/\" class=\"wp-image-230\" srcset=\"https:\/\/compagnie-franlia-hanna-fiedrich.com\/wp-content\/uploads\/2019\/03\/Copie_de_IMG_00341-683x1024.jpg 683w, https:\/\/compagnie-franlia-hanna-fiedrich.com\/wp-content\/uploads\/2019\/03\/Copie_de_IMG_00341-200x300.jpg 200w, https:\/\/compagnie-franlia-hanna-fiedrich.com\/wp-content\/uploads\/2019\/03\/Copie_de_IMG_00341-768x1152.jpg 768w\" sizes=\"auto, (max-width: 683px) 100vw, 683px\" \/><\/figure><\/li><li class=\"blocks-gallery-item\"><figure><img loading=\"lazy\" decoding=\"async\" width=\"1024\" height=\"842\" src=\"http:\/\/compagnie-franlia-hanna-fiedrich.com\/wp-content\/uploads\/2019\/03\/Copie_de_Capture-Hanna-011-1024x842.jpg\" alt=\"\" data-id=\"229\" data-link=\"http:\/\/compagnie-franlia-hanna-fiedrich.com\/copie_de_capture-hanna-011\/\" class=\"wp-image-229\" srcset=\"https:\/\/compagnie-franlia-hanna-fiedrich.com\/wp-content\/uploads\/2019\/03\/Copie_de_Capture-Hanna-011-1024x842.jpg 1024w, https:\/\/compagnie-franlia-hanna-fiedrich.com\/wp-content\/uploads\/2019\/03\/Copie_de_Capture-Hanna-011-300x247.jpg 300w, https:\/\/compagnie-franlia-hanna-fiedrich.com\/wp-content\/uploads\/2019\/03\/Copie_de_Capture-Hanna-011-768x631.jpg 768w, https:\/\/compagnie-franlia-hanna-fiedrich.com\/wp-content\/uploads\/2019\/03\/Copie_de_Capture-Hanna-011.jpg 1303w\" sizes=\"auto, (max-width: 767px) 89vw, (max-width: 1000px) 54vw, (max-width: 1071px) 543px, 580px\" \/><\/figure><\/li><li class=\"blocks-gallery-item\"><figure><img loading=\"lazy\" decoding=\"async\" width=\"1024\" height=\"644\" src=\"http:\/\/compagnie-franlia-hanna-fiedrich.com\/wp-content\/uploads\/2019\/03\/Copie-de-Capture-Hanna-2-01-1024x644.jpg\" alt=\"\" data-id=\"140\" data-link=\"http:\/\/compagnie-franlia-hanna-fiedrich.com\/index.php\/creations-actuelles\/la-voix-humaine\/copie-de-capture-hanna-2-01\/\" class=\"wp-image-140\" srcset=\"https:\/\/compagnie-franlia-hanna-fiedrich.com\/wp-content\/uploads\/2019\/03\/Copie-de-Capture-Hanna-2-01-1024x644.jpg 1024w, https:\/\/compagnie-franlia-hanna-fiedrich.com\/wp-content\/uploads\/2019\/03\/Copie-de-Capture-Hanna-2-01-300x189.jpg 300w, https:\/\/compagnie-franlia-hanna-fiedrich.com\/wp-content\/uploads\/2019\/03\/Copie-de-Capture-Hanna-2-01-768x483.jpg 768w, https:\/\/compagnie-franlia-hanna-fiedrich.com\/wp-content\/uploads\/2019\/03\/Copie-de-Capture-Hanna-2-01.jpg 1748w\" sizes=\"auto, (max-width: 767px) 89vw, (max-width: 1000px) 54vw, (max-width: 1071px) 543px, 580px\" \/><\/figure><\/li><li class=\"blocks-gallery-item\"><figure><img loading=\"lazy\" decoding=\"async\" width=\"1024\" height=\"576\" src=\"http:\/\/compagnie-franlia-hanna-fiedrich.com\/wp-content\/uploads\/2019\/04\/P1090162.00_01_50_16.Image-fixe014-1024x576.jpg\" alt=\"\" data-id=\"471\" data-link=\"http:\/\/compagnie-franlia-hanna-fiedrich.com\/p1090162-00_01_50_16-image-fixe014\/\" class=\"wp-image-471\" srcset=\"https:\/\/compagnie-franlia-hanna-fiedrich.com\/wp-content\/uploads\/2019\/04\/P1090162.00_01_50_16.Image-fixe014-1024x576.jpg 1024w, https:\/\/compagnie-franlia-hanna-fiedrich.com\/wp-content\/uploads\/2019\/04\/P1090162.00_01_50_16.Image-fixe014-300x169.jpg 300w, https:\/\/compagnie-franlia-hanna-fiedrich.com\/wp-content\/uploads\/2019\/04\/P1090162.00_01_50_16.Image-fixe014-768x432.jpg 768w, https:\/\/compagnie-franlia-hanna-fiedrich.com\/wp-content\/uploads\/2019\/04\/P1090162.00_01_50_16.Image-fixe014.jpg 1920w\" sizes=\"auto, (max-width: 767px) 89vw, (max-width: 1000px) 54vw, (max-width: 1071px) 543px, 580px\" \/><\/figure><\/li><li class=\"blocks-gallery-item\"><figure><img loading=\"lazy\" decoding=\"async\" width=\"1024\" height=\"576\" src=\"http:\/\/compagnie-franlia-hanna-fiedrich.com\/wp-content\/uploads\/2019\/04\/P1090162.00_01_08_24.Image-fixe008-1024x576.jpg\" alt=\"\" data-id=\"466\" data-link=\"http:\/\/compagnie-franlia-hanna-fiedrich.com\/p1090162-00_01_08_24-image-fixe008\/\" class=\"wp-image-466\" srcset=\"https:\/\/compagnie-franlia-hanna-fiedrich.com\/wp-content\/uploads\/2019\/04\/P1090162.00_01_08_24.Image-fixe008-1024x576.jpg 1024w, https:\/\/compagnie-franlia-hanna-fiedrich.com\/wp-content\/uploads\/2019\/04\/P1090162.00_01_08_24.Image-fixe008-300x169.jpg 300w, https:\/\/compagnie-franlia-hanna-fiedrich.com\/wp-content\/uploads\/2019\/04\/P1090162.00_01_08_24.Image-fixe008-768x432.jpg 768w, https:\/\/compagnie-franlia-hanna-fiedrich.com\/wp-content\/uploads\/2019\/04\/P1090162.00_01_08_24.Image-fixe008.jpg 1920w\" sizes=\"auto, (max-width: 767px) 89vw, (max-width: 1000px) 54vw, (max-width: 1071px) 543px, 580px\" \/><\/figure><\/li><li class=\"blocks-gallery-item\"><figure><img loading=\"lazy\" decoding=\"async\" width=\"1024\" height=\"576\" src=\"http:\/\/compagnie-franlia-hanna-fiedrich.com\/wp-content\/uploads\/2019\/04\/P1090162.00_00_34_18.Image-fixe007-1024x576.jpg\" alt=\"\" data-id=\"465\" data-link=\"http:\/\/compagnie-franlia-hanna-fiedrich.com\/p1090162-00_00_34_18-image-fixe007\/\" class=\"wp-image-465\" srcset=\"https:\/\/compagnie-franlia-hanna-fiedrich.com\/wp-content\/uploads\/2019\/04\/P1090162.00_00_34_18.Image-fixe007-1024x576.jpg 1024w, https:\/\/compagnie-franlia-hanna-fiedrich.com\/wp-content\/uploads\/2019\/04\/P1090162.00_00_34_18.Image-fixe007-300x169.jpg 300w, https:\/\/compagnie-franlia-hanna-fiedrich.com\/wp-content\/uploads\/2019\/04\/P1090162.00_00_34_18.Image-fixe007-768x432.jpg 768w, https:\/\/compagnie-franlia-hanna-fiedrich.com\/wp-content\/uploads\/2019\/04\/P1090162.00_00_34_18.Image-fixe007.jpg 1920w\" sizes=\"auto, (max-width: 767px) 89vw, (max-width: 1000px) 54vw, (max-width: 1071px) 543px, 580px\" \/><\/figure><\/li><li class=\"blocks-gallery-item\"><figure><img loading=\"lazy\" decoding=\"async\" width=\"1024\" height=\"576\" src=\"http:\/\/compagnie-franlia-hanna-fiedrich.com\/wp-content\/uploads\/2019\/04\/P1090162.00_00_19_22.Image-fixe005-1024x576.jpg\" alt=\"\" data-id=\"463\" data-link=\"http:\/\/compagnie-franlia-hanna-fiedrich.com\/p1090162-00_00_19_22-image-fixe005\/\" class=\"wp-image-463\" srcset=\"https:\/\/compagnie-franlia-hanna-fiedrich.com\/wp-content\/uploads\/2019\/04\/P1090162.00_00_19_22.Image-fixe005-1024x576.jpg 1024w, https:\/\/compagnie-franlia-hanna-fiedrich.com\/wp-content\/uploads\/2019\/04\/P1090162.00_00_19_22.Image-fixe005-300x169.jpg 300w, https:\/\/compagnie-franlia-hanna-fiedrich.com\/wp-content\/uploads\/2019\/04\/P1090162.00_00_19_22.Image-fixe005-768x432.jpg 768w, https:\/\/compagnie-franlia-hanna-fiedrich.com\/wp-content\/uploads\/2019\/04\/P1090162.00_00_19_22.Image-fixe005.jpg 1920w\" sizes=\"auto, (max-width: 767px) 89vw, (max-width: 1000px) 54vw, (max-width: 1071px) 543px, 580px\" \/><\/figure><\/li><li class=\"blocks-gallery-item\"><figure><img loading=\"lazy\" decoding=\"async\" width=\"1024\" height=\"576\" src=\"http:\/\/compagnie-franlia-hanna-fiedrich.com\/wp-content\/uploads\/2019\/04\/P1090162.00_00_11_15.Image-fixe003-1024x576.jpg\" alt=\"\" data-id=\"461\" data-link=\"http:\/\/compagnie-franlia-hanna-fiedrich.com\/p1090162-00_00_11_15-image-fixe003\/\" class=\"wp-image-461\" srcset=\"https:\/\/compagnie-franlia-hanna-fiedrich.com\/wp-content\/uploads\/2019\/04\/P1090162.00_00_11_15.Image-fixe003-1024x576.jpg 1024w, https:\/\/compagnie-franlia-hanna-fiedrich.com\/wp-content\/uploads\/2019\/04\/P1090162.00_00_11_15.Image-fixe003-300x169.jpg 300w, https:\/\/compagnie-franlia-hanna-fiedrich.com\/wp-content\/uploads\/2019\/04\/P1090162.00_00_11_15.Image-fixe003-768x432.jpg 768w, https:\/\/compagnie-franlia-hanna-fiedrich.com\/wp-content\/uploads\/2019\/04\/P1090162.00_00_11_15.Image-fixe003.jpg 1920w\" sizes=\"auto, (max-width: 767px) 89vw, (max-width: 1000px) 54vw, (max-width: 1071px) 543px, 580px\" \/><\/figure><\/li><li class=\"blocks-gallery-item\"><figure><img loading=\"lazy\" decoding=\"async\" width=\"1024\" height=\"576\" src=\"http:\/\/compagnie-franlia-hanna-fiedrich.com\/wp-content\/uploads\/2019\/04\/P1090162.00_03_36_01.Image-fixe032-1024x576.jpg\" alt=\"\" data-id=\"479\" data-link=\"http:\/\/compagnie-franlia-hanna-fiedrich.com\/p1090162-00_03_36_01-image-fixe032\/\" class=\"wp-image-479\" srcset=\"https:\/\/compagnie-franlia-hanna-fiedrich.com\/wp-content\/uploads\/2019\/04\/P1090162.00_03_36_01.Image-fixe032-1024x576.jpg 1024w, https:\/\/compagnie-franlia-hanna-fiedrich.com\/wp-content\/uploads\/2019\/04\/P1090162.00_03_36_01.Image-fixe032-300x169.jpg 300w, https:\/\/compagnie-franlia-hanna-fiedrich.com\/wp-content\/uploads\/2019\/04\/P1090162.00_03_36_01.Image-fixe032-768x432.jpg 768w, https:\/\/compagnie-franlia-hanna-fiedrich.com\/wp-content\/uploads\/2019\/04\/P1090162.00_03_36_01.Image-fixe032.jpg 1920w\" sizes=\"auto, (max-width: 767px) 89vw, (max-width: 1000px) 54vw, (max-width: 1071px) 543px, 580px\" \/><\/figure><\/li><li class=\"blocks-gallery-item\"><figure><img loading=\"lazy\" decoding=\"async\" width=\"1024\" height=\"576\" src=\"http:\/\/compagnie-franlia-hanna-fiedrich.com\/wp-content\/uploads\/2019\/04\/P1090162.00_03_11_17.Image-fixe029-1024x576.jpg\" alt=\"\" data-id=\"477\" data-link=\"http:\/\/compagnie-franlia-hanna-fiedrich.com\/p1090162-00_03_11_17-image-fixe029\/\" class=\"wp-image-477\" srcset=\"https:\/\/compagnie-franlia-hanna-fiedrich.com\/wp-content\/uploads\/2019\/04\/P1090162.00_03_11_17.Image-fixe029-1024x576.jpg 1024w, https:\/\/compagnie-franlia-hanna-fiedrich.com\/wp-content\/uploads\/2019\/04\/P1090162.00_03_11_17.Image-fixe029-300x169.jpg 300w, https:\/\/compagnie-franlia-hanna-fiedrich.com\/wp-content\/uploads\/2019\/04\/P1090162.00_03_11_17.Image-fixe029-768x432.jpg 768w, https:\/\/compagnie-franlia-hanna-fiedrich.com\/wp-content\/uploads\/2019\/04\/P1090162.00_03_11_17.Image-fixe029.jpg 1920w\" sizes=\"auto, (max-width: 767px) 89vw, (max-width: 1000px) 54vw, (max-width: 1071px) 543px, 580px\" \/><\/figure><\/li><li class=\"blocks-gallery-item\"><figure><img loading=\"lazy\" decoding=\"async\" width=\"1024\" height=\"576\" src=\"http:\/\/compagnie-franlia-hanna-fiedrich.com\/wp-content\/uploads\/2019\/04\/P1090162.00_02_19_18.Image-fixe020-1024x576.jpg\" alt=\"\" data-id=\"474\" data-link=\"http:\/\/compagnie-franlia-hanna-fiedrich.com\/p1090162-00_02_19_18-image-fixe020\/\" class=\"wp-image-474\" srcset=\"https:\/\/compagnie-franlia-hanna-fiedrich.com\/wp-content\/uploads\/2019\/04\/P1090162.00_02_19_18.Image-fixe020-1024x576.jpg 1024w, https:\/\/compagnie-franlia-hanna-fiedrich.com\/wp-content\/uploads\/2019\/04\/P1090162.00_02_19_18.Image-fixe020-300x169.jpg 300w, https:\/\/compagnie-franlia-hanna-fiedrich.com\/wp-content\/uploads\/2019\/04\/P1090162.00_02_19_18.Image-fixe020-768x432.jpg 768w, https:\/\/compagnie-franlia-hanna-fiedrich.com\/wp-content\/uploads\/2019\/04\/P1090162.00_02_19_18.Image-fixe020.jpg 1920w\" sizes=\"auto, (max-width: 767px) 89vw, (max-width: 1000px) 54vw, (max-width: 1071px) 543px, 580px\" \/><\/figure><\/li><\/ul>\n\n\n\n<h2 class=\"wp-block-heading\">Presse<\/h2>\n\n\n\n<ul class=\"wp-block-gallery columns-2 is-cropped wp-block-gallery-2 is-layout-flex wp-block-gallery-is-layout-flex\"><li class=\"blocks-gallery-item\"><figure><img loading=\"lazy\" decoding=\"async\" width=\"724\" height=\"1024\" src=\"http:\/\/compagnie-franlia-hanna-fiedrich.com\/wp-content\/uploads\/2019\/03\/Presse_Hanna_Fiedrich_20190131-g-page-007-724x1024.jpg\" alt=\"\" data-id=\"240\" data-link=\"http:\/\/compagnie-franlia-hanna-fiedrich.com\/presse_hanna_fiedrich_20190131-g-page-007\/\" class=\"wp-image-240\" srcset=\"https:\/\/compagnie-franlia-hanna-fiedrich.com\/wp-content\/uploads\/2019\/03\/Presse_Hanna_Fiedrich_20190131-g-page-007-724x1024.jpg 724w, https:\/\/compagnie-franlia-hanna-fiedrich.com\/wp-content\/uploads\/2019\/03\/Presse_Hanna_Fiedrich_20190131-g-page-007-212x300.jpg 212w, https:\/\/compagnie-franlia-hanna-fiedrich.com\/wp-content\/uploads\/2019\/03\/Presse_Hanna_Fiedrich_20190131-g-page-007-768x1086.jpg 768w\" sizes=\"auto, (max-width: 724px) 100vw, 724px\" \/><\/figure><\/li><li class=\"blocks-gallery-item\"><figure><img loading=\"lazy\" decoding=\"async\" width=\"724\" height=\"1024\" src=\"http:\/\/compagnie-franlia-hanna-fiedrich.com\/wp-content\/uploads\/2019\/03\/Presse_Hanna_Fiedrich_20190131-g-page-008-724x1024.jpg\" alt=\"\" data-id=\"241\" data-link=\"http:\/\/compagnie-franlia-hanna-fiedrich.com\/presse_hanna_fiedrich_20190131-g-page-008\/\" class=\"wp-image-241\" srcset=\"https:\/\/compagnie-franlia-hanna-fiedrich.com\/wp-content\/uploads\/2019\/03\/Presse_Hanna_Fiedrich_20190131-g-page-008-724x1024.jpg 724w, https:\/\/compagnie-franlia-hanna-fiedrich.com\/wp-content\/uploads\/2019\/03\/Presse_Hanna_Fiedrich_20190131-g-page-008-212x300.jpg 212w, https:\/\/compagnie-franlia-hanna-fiedrich.com\/wp-content\/uploads\/2019\/03\/Presse_Hanna_Fiedrich_20190131-g-page-008-768x1086.jpg 768w\" sizes=\"auto, (max-width: 724px) 100vw, 724px\" \/><\/figure><\/li><\/ul>\n\n\n\n<h2 class=\"wp-block-heading\">Livre d&rsquo;or<\/h2>\n\n\n\n<ul class=\"wp-block-gallery columns-1 is-cropped wp-block-gallery-3 is-layout-flex wp-block-gallery-is-layout-flex\"><li class=\"blocks-gallery-item\"><figure><img loading=\"lazy\" decoding=\"async\" width=\"959\" height=\"1024\" src=\"http:\/\/compagnie-franlia-hanna-fiedrich.com\/wp-content\/uploads\/2019\/03\/Livre_01-959x1024.jpg\" alt=\"\" data-id=\"277\" data-link=\"http:\/\/compagnie-franlia-hanna-fiedrich.com\/index.php\/creations-actuelles\/la-voix-humaine\/livre_01\/\" class=\"wp-image-277\" srcset=\"https:\/\/compagnie-franlia-hanna-fiedrich.com\/wp-content\/uploads\/2019\/03\/Livre_01-959x1024.jpg 959w, https:\/\/compagnie-franlia-hanna-fiedrich.com\/wp-content\/uploads\/2019\/03\/Livre_01-281x300.jpg 281w, https:\/\/compagnie-franlia-hanna-fiedrich.com\/wp-content\/uploads\/2019\/03\/Livre_01-768x820.jpg 768w, https:\/\/compagnie-franlia-hanna-fiedrich.com\/wp-content\/uploads\/2019\/03\/Livre_01.jpg 1159w\" sizes=\"auto, (max-width: 767px) 89vw, (max-width: 1000px) 54vw, (max-width: 1071px) 543px, 580px\" \/><\/figure><\/li><li class=\"blocks-gallery-item\"><figure><img loading=\"lazy\" decoding=\"async\" width=\"1024\" height=\"543\" src=\"http:\/\/compagnie-franlia-hanna-fiedrich.com\/wp-content\/uploads\/2019\/03\/Livre_02-1024x543.jpg\" alt=\"\" data-id=\"278\" data-link=\"http:\/\/compagnie-franlia-hanna-fiedrich.com\/index.php\/creations-actuelles\/la-voix-humaine\/livre_02\/\" class=\"wp-image-278\" srcset=\"https:\/\/compagnie-franlia-hanna-fiedrich.com\/wp-content\/uploads\/2019\/03\/Livre_02-1024x543.jpg 1024w, https:\/\/compagnie-franlia-hanna-fiedrich.com\/wp-content\/uploads\/2019\/03\/Livre_02-300x159.jpg 300w, https:\/\/compagnie-franlia-hanna-fiedrich.com\/wp-content\/uploads\/2019\/03\/Livre_02-768x408.jpg 768w, https:\/\/compagnie-franlia-hanna-fiedrich.com\/wp-content\/uploads\/2019\/03\/Livre_02.jpg 1236w\" sizes=\"auto, (max-width: 767px) 89vw, (max-width: 1000px) 54vw, (max-width: 1071px) 543px, 580px\" \/><\/figure><\/li><\/ul>\n","protected":false},"excerpt":{"rendered":"<p>\u00ab\u00a0La voix humaine\u00a0\u00bb de Jean Cocteau \u00ab All\u00f4, c\u2019est toi ? \u00bb Une femme parle au t\u00e9l\u00e9phone pour la derni\u00e8re fois avec son amant. Elle est seule avec sa voix et sait qu\u2019il va la quitter. Le t\u00e9l\u00e9phone est le dernier contact qu\u2019il lui reste avec son bien-aim\u00e9. L\u2019homme est absent, ses r\u00e9ponses sollicitent notre &hellip; <\/p>\n<p class=\"link-more\"><a href=\"https:\/\/compagnie-franlia-hanna-fiedrich.com\/index.php\/creations-actuelles\/la-voix-humaine\/\" class=\"more-link\">Continuer la lecture<span class=\"screen-reader-text\"> de &laquo;&nbsp;La voix humaine&nbsp;&raquo;<\/span><\/a><\/p>\n","protected":false},"author":1,"featured_media":0,"parent":47,"menu_order":1,"comment_status":"closed","ping_status":"closed","template":"","meta":{"footnotes":""},"class_list":["post-64","page","type-page","status-publish","hentry"],"_links":{"self":[{"href":"https:\/\/compagnie-franlia-hanna-fiedrich.com\/index.php\/wp-json\/wp\/v2\/pages\/64","targetHints":{"allow":["GET"]}}],"collection":[{"href":"https:\/\/compagnie-franlia-hanna-fiedrich.com\/index.php\/wp-json\/wp\/v2\/pages"}],"about":[{"href":"https:\/\/compagnie-franlia-hanna-fiedrich.com\/index.php\/wp-json\/wp\/v2\/types\/page"}],"author":[{"embeddable":true,"href":"https:\/\/compagnie-franlia-hanna-fiedrich.com\/index.php\/wp-json\/wp\/v2\/users\/1"}],"replies":[{"embeddable":true,"href":"https:\/\/compagnie-franlia-hanna-fiedrich.com\/index.php\/wp-json\/wp\/v2\/comments?post=64"}],"version-history":[{"count":22,"href":"https:\/\/compagnie-franlia-hanna-fiedrich.com\/index.php\/wp-json\/wp\/v2\/pages\/64\/revisions"}],"predecessor-version":[{"id":777,"href":"https:\/\/compagnie-franlia-hanna-fiedrich.com\/index.php\/wp-json\/wp\/v2\/pages\/64\/revisions\/777"}],"up":[{"embeddable":true,"href":"https:\/\/compagnie-franlia-hanna-fiedrich.com\/index.php\/wp-json\/wp\/v2\/pages\/47"}],"wp:attachment":[{"href":"https:\/\/compagnie-franlia-hanna-fiedrich.com\/index.php\/wp-json\/wp\/v2\/media?parent=64"}],"curies":[{"name":"wp","href":"https:\/\/api.w.org\/{rel}","templated":true}]}}