{"id":62,"date":"2019-03-25T22:17:07","date_gmt":"2019-03-25T21:17:07","guid":{"rendered":"http:\/\/compagnie-franlia-hanna-fiedrich.com\/?page_id=62"},"modified":"2019-04-21T16:41:40","modified_gmt":"2019-04-21T14:41:40","slug":"la-fee-du-froid","status":"publish","type":"page","link":"https:\/\/compagnie-franlia-hanna-fiedrich.com\/index.php\/creations-actuelles\/la-fee-du-froid\/","title":{"rendered":"La F\u00e9e du Froid"},"content":{"rendered":"\n<p>\nSpectacle enfants de 1 \u00e0 5 ans<\/p>\n\n\n\n<figure class=\"wp-block-embed-youtube wp-block-embed is-type-video is-provider-youtube wp-embed-aspect-16-9 wp-has-aspect-ratio\"><div class=\"wp-block-embed__wrapper\">\n<iframe loading=\"lazy\" title=\"La F\u00e9e du Froid - Spectacle enfants 1 \u00e0 5 ans\" width=\"525\" height=\"295\" src=\"https:\/\/www.youtube.com\/embed\/RCNPc9NT8kk?feature=oembed\" frameborder=\"0\" allow=\"accelerometer; autoplay; clipboard-write; encrypted-media; gyroscope; picture-in-picture; web-share\" referrerpolicy=\"strict-origin-when-cross-origin\" allowfullscreen><\/iframe>\n<\/div><\/figure>\n\n\n\n<p>\nLa F\u00e9e du Froid, qui ne conna\u00eet que l\u2019hiver, emm\u00e8ne les\ntout-petits dans un voyage musical et visuel \u00e0 la d\u00e9couverte des\nsaisons.<\/p>\n\n\n\n<p>\nGr\u00e2ce aux histoires po\u00e9tiques et pleines de tendresse que lui\nracontent ses petits amis les animaux en peluche, et au d\u00e9cor\nfigurant la nature, la F\u00e9e du Froid d\u00e9voile les secrets de chaque\nsaison. Elle s\u2019\u00e9tonne de tant de merveilles et les fait partager\naux enfants. La F\u00e9e sensibilise \u00e0 la protection de la faune et de\nla flore.<\/p>\n\n\n\n<p>\nUn univers tendre et f\u00e9erique\u2026<\/p>\n\n\n\n<p>\nCom\u00e9dienne&nbsp;: Hanna Fiedrich<\/p>\n\n\n\n<p>\nAuteures&nbsp;: Hanna Fiedrich et Maryse Pawloff<\/p>\n\n\n\n<h2 class=\"wp-block-heading\"><a href=\"https:\/\/drive.google.com\/open?id=1umO5nvx_ozqqFCMbLrG_bEWCEvFUvDjK\">T\u00e9l\u00e9charger le dossier<\/a><\/h2>\n\n\n\n<h2 class=\"wp-block-heading\">Photos<\/h2>\n\n\n\n<ul class=\"wp-block-gallery columns-4 is-cropped wp-block-gallery-1 is-layout-flex wp-block-gallery-is-layout-flex\"><li class=\"blocks-gallery-item\"><figure><img loading=\"lazy\" decoding=\"async\" width=\"683\" height=\"1024\" src=\"http:\/\/compagnie-franlia-hanna-fiedrich.com\/wp-content\/uploads\/2019\/03\/Copie-de-IMG_1738_01-1-683x1024.jpg\" alt=\"\" data-id=\"110\" data-link=\"http:\/\/compagnie-franlia-hanna-fiedrich.com\/index.php\/creations-actuelles\/la-fee-du-froid\/copie-de-img_1738_01-2\/\" class=\"wp-image-110\" srcset=\"https:\/\/compagnie-franlia-hanna-fiedrich.com\/wp-content\/uploads\/2019\/03\/Copie-de-IMG_1738_01-1-683x1024.jpg 683w, https:\/\/compagnie-franlia-hanna-fiedrich.com\/wp-content\/uploads\/2019\/03\/Copie-de-IMG_1738_01-1-200x300.jpg 200w, https:\/\/compagnie-franlia-hanna-fiedrich.com\/wp-content\/uploads\/2019\/03\/Copie-de-IMG_1738_01-1-768x1152.jpg 768w\" sizes=\"auto, (max-width: 683px) 100vw, 683px\" \/><\/figure><\/li><li class=\"blocks-gallery-item\"><figure><img loading=\"lazy\" decoding=\"async\" width=\"1024\" height=\"577\" src=\"http:\/\/compagnie-franlia-hanna-fiedrich.com\/wp-content\/uploads\/2019\/03\/Copie-de-DSC00652_01-1024x577.jpg\" alt=\"\" data-id=\"111\" data-link=\"http:\/\/compagnie-franlia-hanna-fiedrich.com\/index.php\/creations-actuelles\/la-fee-du-froid\/copie-de-dsc00652_01\/\" class=\"wp-image-111\" srcset=\"https:\/\/compagnie-franlia-hanna-fiedrich.com\/wp-content\/uploads\/2019\/03\/Copie-de-DSC00652_01-1024x577.jpg 1024w, https:\/\/compagnie-franlia-hanna-fiedrich.com\/wp-content\/uploads\/2019\/03\/Copie-de-DSC00652_01-300x169.jpg 300w, https:\/\/compagnie-franlia-hanna-fiedrich.com\/wp-content\/uploads\/2019\/03\/Copie-de-DSC00652_01-768x432.jpg 768w\" sizes=\"auto, (max-width: 767px) 89vw, (max-width: 1000px) 54vw, (max-width: 1071px) 543px, 580px\" \/><\/figure><\/li><li class=\"blocks-gallery-item\"><figure><img loading=\"lazy\" decoding=\"async\" width=\"1024\" height=\"683\" src=\"http:\/\/compagnie-franlia-hanna-fiedrich.com\/wp-content\/uploads\/2019\/03\/Copie-de-IMG_1674_R_01-1024x683.jpg\" alt=\"\" data-id=\"112\" data-link=\"http:\/\/compagnie-franlia-hanna-fiedrich.com\/index.php\/creations-actuelles\/la-fee-du-froid\/copie-de-img_1674_r_01\/\" class=\"wp-image-112\" srcset=\"https:\/\/compagnie-franlia-hanna-fiedrich.com\/wp-content\/uploads\/2019\/03\/Copie-de-IMG_1674_R_01-1024x683.jpg 1024w, https:\/\/compagnie-franlia-hanna-fiedrich.com\/wp-content\/uploads\/2019\/03\/Copie-de-IMG_1674_R_01-300x200.jpg 300w, https:\/\/compagnie-franlia-hanna-fiedrich.com\/wp-content\/uploads\/2019\/03\/Copie-de-IMG_1674_R_01-768x512.jpg 768w\" sizes=\"auto, (max-width: 767px) 89vw, (max-width: 1000px) 54vw, (max-width: 1071px) 543px, 580px\" \/><\/figure><\/li><li class=\"blocks-gallery-item\"><figure><img loading=\"lazy\" decoding=\"async\" width=\"672\" height=\"1024\" src=\"http:\/\/compagnie-franlia-hanna-fiedrich.com\/wp-content\/uploads\/2019\/03\/Copie-de-DSC00656_R_01-672x1024.jpg\" alt=\"\" data-id=\"113\" data-link=\"http:\/\/compagnie-franlia-hanna-fiedrich.com\/index.php\/creations-actuelles\/la-fee-du-froid\/copie-de-dsc00656_r_01\/\" class=\"wp-image-113\" srcset=\"https:\/\/compagnie-franlia-hanna-fiedrich.com\/wp-content\/uploads\/2019\/03\/Copie-de-DSC00656_R_01-672x1024.jpg 672w, https:\/\/compagnie-franlia-hanna-fiedrich.com\/wp-content\/uploads\/2019\/03\/Copie-de-DSC00656_R_01-197x300.jpg 197w, https:\/\/compagnie-franlia-hanna-fiedrich.com\/wp-content\/uploads\/2019\/03\/Copie-de-DSC00656_R_01-768x1169.jpg 768w\" sizes=\"auto, (max-width: 672px) 100vw, 672px\" \/><\/figure><\/li><li class=\"blocks-gallery-item\"><figure><img loading=\"lazy\" decoding=\"async\" width=\"1024\" height=\"670\" src=\"http:\/\/compagnie-franlia-hanna-fiedrich.com\/wp-content\/uploads\/2019\/03\/Copie-de-MVI_3132.00_02_07_05.Image-fixe026-v2-1024x670.jpg\" alt=\"\" data-id=\"114\" data-link=\"http:\/\/compagnie-franlia-hanna-fiedrich.com\/index.php\/creations-actuelles\/la-fee-du-froid\/copie-de-mvi_3132-00_02_07_05-image-fixe026-v2\/\" class=\"wp-image-114\" srcset=\"https:\/\/compagnie-franlia-hanna-fiedrich.com\/wp-content\/uploads\/2019\/03\/Copie-de-MVI_3132.00_02_07_05.Image-fixe026-v2-1024x670.jpg 1024w, https:\/\/compagnie-franlia-hanna-fiedrich.com\/wp-content\/uploads\/2019\/03\/Copie-de-MVI_3132.00_02_07_05.Image-fixe026-v2-300x196.jpg 300w, https:\/\/compagnie-franlia-hanna-fiedrich.com\/wp-content\/uploads\/2019\/03\/Copie-de-MVI_3132.00_02_07_05.Image-fixe026-v2-768x502.jpg 768w, https:\/\/compagnie-franlia-hanna-fiedrich.com\/wp-content\/uploads\/2019\/03\/Copie-de-MVI_3132.00_02_07_05.Image-fixe026-v2.jpg 1651w\" sizes=\"auto, (max-width: 767px) 89vw, (max-width: 1000px) 54vw, (max-width: 1071px) 543px, 580px\" \/><\/figure><\/li><li class=\"blocks-gallery-item\"><figure><img loading=\"lazy\" decoding=\"async\" width=\"1024\" height=\"863\" src=\"http:\/\/compagnie-franlia-hanna-fiedrich.com\/wp-content\/uploads\/2019\/04\/MVI_3132.00_02_32_10.Image-fixe014-1024x863.jpg\" alt=\"\" data-id=\"458\" data-link=\"http:\/\/compagnie-franlia-hanna-fiedrich.com\/mvi_3132-00_02_32_10-image-fixe014\/\" class=\"wp-image-458\" srcset=\"https:\/\/compagnie-franlia-hanna-fiedrich.com\/wp-content\/uploads\/2019\/04\/MVI_3132.00_02_32_10.Image-fixe014-1024x863.jpg 1024w, https:\/\/compagnie-franlia-hanna-fiedrich.com\/wp-content\/uploads\/2019\/04\/MVI_3132.00_02_32_10.Image-fixe014-300x253.jpg 300w, https:\/\/compagnie-franlia-hanna-fiedrich.com\/wp-content\/uploads\/2019\/04\/MVI_3132.00_02_32_10.Image-fixe014-768x647.jpg 768w, https:\/\/compagnie-franlia-hanna-fiedrich.com\/wp-content\/uploads\/2019\/04\/MVI_3132.00_02_32_10.Image-fixe014.jpg 1280w\" sizes=\"auto, (max-width: 767px) 89vw, (max-width: 1000px) 54vw, (max-width: 1071px) 543px, 580px\" \/><\/figure><\/li><li class=\"blocks-gallery-item\"><figure><img loading=\"lazy\" decoding=\"async\" width=\"1024\" height=\"576\" src=\"http:\/\/compagnie-franlia-hanna-fiedrich.com\/wp-content\/uploads\/2019\/04\/MVI_3132.00_01_49_15.Image-fixe025-1024x576.jpg\" alt=\"\" data-id=\"456\" data-link=\"http:\/\/compagnie-franlia-hanna-fiedrich.com\/mvi_3132-00_01_49_15-image-fixe025\/\" class=\"wp-image-456\" srcset=\"https:\/\/compagnie-franlia-hanna-fiedrich.com\/wp-content\/uploads\/2019\/04\/MVI_3132.00_01_49_15.Image-fixe025-1024x576.jpg 1024w, https:\/\/compagnie-franlia-hanna-fiedrich.com\/wp-content\/uploads\/2019\/04\/MVI_3132.00_01_49_15.Image-fixe025-300x169.jpg 300w, https:\/\/compagnie-franlia-hanna-fiedrich.com\/wp-content\/uploads\/2019\/04\/MVI_3132.00_01_49_15.Image-fixe025-768x432.jpg 768w, https:\/\/compagnie-franlia-hanna-fiedrich.com\/wp-content\/uploads\/2019\/04\/MVI_3132.00_01_49_15.Image-fixe025.jpg 1920w\" sizes=\"auto, (max-width: 767px) 89vw, (max-width: 1000px) 54vw, (max-width: 1071px) 543px, 580px\" \/><\/figure><\/li><li class=\"blocks-gallery-item\"><figure><img loading=\"lazy\" decoding=\"async\" width=\"1024\" height=\"576\" src=\"http:\/\/compagnie-franlia-hanna-fiedrich.com\/wp-content\/uploads\/2019\/04\/MVI_3132.00_01_33_14.Image-fixe022-1024x576.jpg\" alt=\"\" data-id=\"454\" data-link=\"http:\/\/compagnie-franlia-hanna-fiedrich.com\/mvi_3132-00_01_33_14-image-fixe022\/\" class=\"wp-image-454\" srcset=\"https:\/\/compagnie-franlia-hanna-fiedrich.com\/wp-content\/uploads\/2019\/04\/MVI_3132.00_01_33_14.Image-fixe022-1024x576.jpg 1024w, https:\/\/compagnie-franlia-hanna-fiedrich.com\/wp-content\/uploads\/2019\/04\/MVI_3132.00_01_33_14.Image-fixe022-300x169.jpg 300w, https:\/\/compagnie-franlia-hanna-fiedrich.com\/wp-content\/uploads\/2019\/04\/MVI_3132.00_01_33_14.Image-fixe022-768x432.jpg 768w, https:\/\/compagnie-franlia-hanna-fiedrich.com\/wp-content\/uploads\/2019\/04\/MVI_3132.00_01_33_14.Image-fixe022.jpg 1920w\" sizes=\"auto, (max-width: 767px) 89vw, (max-width: 1000px) 54vw, (max-width: 1071px) 543px, 580px\" \/><\/figure><\/li><li class=\"blocks-gallery-item\"><figure><img loading=\"lazy\" decoding=\"async\" width=\"1024\" height=\"576\" src=\"http:\/\/compagnie-franlia-hanna-fiedrich.com\/wp-content\/uploads\/2019\/04\/MVI_3132.00_00_54_05.Image-fixe005-1024x576.jpg\" alt=\"\" data-id=\"450\" data-link=\"http:\/\/compagnie-franlia-hanna-fiedrich.com\/mvi_3132-00_00_54_05-image-fixe005\/\" class=\"wp-image-450\" srcset=\"https:\/\/compagnie-franlia-hanna-fiedrich.com\/wp-content\/uploads\/2019\/04\/MVI_3132.00_00_54_05.Image-fixe005-1024x576.jpg 1024w, https:\/\/compagnie-franlia-hanna-fiedrich.com\/wp-content\/uploads\/2019\/04\/MVI_3132.00_00_54_05.Image-fixe005-300x169.jpg 300w, https:\/\/compagnie-franlia-hanna-fiedrich.com\/wp-content\/uploads\/2019\/04\/MVI_3132.00_00_54_05.Image-fixe005-768x432.jpg 768w, https:\/\/compagnie-franlia-hanna-fiedrich.com\/wp-content\/uploads\/2019\/04\/MVI_3132.00_00_54_05.Image-fixe005.jpg 1920w\" sizes=\"auto, (max-width: 767px) 89vw, (max-width: 1000px) 54vw, (max-width: 1071px) 543px, 580px\" \/><\/figure><\/li><li class=\"blocks-gallery-item\"><figure><img loading=\"lazy\" decoding=\"async\" width=\"1024\" height=\"576\" src=\"http:\/\/compagnie-franlia-hanna-fiedrich.com\/wp-content\/uploads\/2019\/04\/MVI_3132.00_00_56_11.Image-fixe006-1024x576.jpg\" alt=\"\" data-id=\"451\" data-link=\"http:\/\/compagnie-franlia-hanna-fiedrich.com\/mvi_3132-00_00_56_11-image-fixe006\/\" class=\"wp-image-451\" srcset=\"https:\/\/compagnie-franlia-hanna-fiedrich.com\/wp-content\/uploads\/2019\/04\/MVI_3132.00_00_56_11.Image-fixe006-1024x576.jpg 1024w, https:\/\/compagnie-franlia-hanna-fiedrich.com\/wp-content\/uploads\/2019\/04\/MVI_3132.00_00_56_11.Image-fixe006-300x169.jpg 300w, https:\/\/compagnie-franlia-hanna-fiedrich.com\/wp-content\/uploads\/2019\/04\/MVI_3132.00_00_56_11.Image-fixe006-768x432.jpg 768w, https:\/\/compagnie-franlia-hanna-fiedrich.com\/wp-content\/uploads\/2019\/04\/MVI_3132.00_00_56_11.Image-fixe006.jpg 1920w\" sizes=\"auto, (max-width: 767px) 89vw, (max-width: 1000px) 54vw, (max-width: 1071px) 543px, 580px\" \/><\/figure><\/li><\/ul>\n\n\n\n<h2 class=\"wp-block-heading\">Livre d&rsquo;or<\/h2>\n\n\n\n<ul class=\"wp-block-gallery columns-2 is-cropped wp-block-gallery-2 is-layout-flex wp-block-gallery-is-layout-flex\"><li class=\"blocks-gallery-item\"><figure><img loading=\"lazy\" decoding=\"async\" width=\"906\" height=\"1024\" src=\"http:\/\/compagnie-franlia-hanna-fiedrich.com\/wp-content\/uploads\/2019\/03\/livre_or2-906x1024.jpg\" alt=\"\" data-id=\"180\" data-link=\"http:\/\/compagnie-franlia-hanna-fiedrich.com\/index.php\/creations-actuelles\/la-fee-du-froid\/livre_or2\/\" class=\"wp-image-180\" srcset=\"https:\/\/compagnie-franlia-hanna-fiedrich.com\/wp-content\/uploads\/2019\/03\/livre_or2-906x1024.jpg 906w, https:\/\/compagnie-franlia-hanna-fiedrich.com\/wp-content\/uploads\/2019\/03\/livre_or2-266x300.jpg 266w, https:\/\/compagnie-franlia-hanna-fiedrich.com\/wp-content\/uploads\/2019\/03\/livre_or2-768x868.jpg 768w, https:\/\/compagnie-franlia-hanna-fiedrich.com\/wp-content\/uploads\/2019\/03\/livre_or2.jpg 1387w\" sizes=\"auto, (max-width: 767px) 89vw, (max-width: 1000px) 54vw, (max-width: 1071px) 543px, 580px\" \/><\/figure><\/li><li class=\"blocks-gallery-item\"><figure><img loading=\"lazy\" decoding=\"async\" width=\"936\" height=\"1024\" src=\"http:\/\/compagnie-franlia-hanna-fiedrich.com\/wp-content\/uploads\/2019\/03\/livre_or1-1-936x1024.jpg\" alt=\"\" data-id=\"181\" data-link=\"http:\/\/compagnie-franlia-hanna-fiedrich.com\/index.php\/creations-actuelles\/la-fee-du-froid\/livre_or1-2\/\" class=\"wp-image-181\" srcset=\"https:\/\/compagnie-franlia-hanna-fiedrich.com\/wp-content\/uploads\/2019\/03\/livre_or1-1-936x1024.jpg 936w, https:\/\/compagnie-franlia-hanna-fiedrich.com\/wp-content\/uploads\/2019\/03\/livre_or1-1-274x300.jpg 274w, https:\/\/compagnie-franlia-hanna-fiedrich.com\/wp-content\/uploads\/2019\/03\/livre_or1-1-768x841.jpg 768w, https:\/\/compagnie-franlia-hanna-fiedrich.com\/wp-content\/uploads\/2019\/03\/livre_or1-1.jpg 1385w\" sizes=\"auto, (max-width: 767px) 89vw, (max-width: 1000px) 54vw, (max-width: 1071px) 543px, 580px\" \/><\/figure><\/li><\/ul>\n","protected":false},"excerpt":{"rendered":"<p>Spectacle enfants de 1 \u00e0 5 ans La F\u00e9e du Froid, qui ne conna\u00eet que l\u2019hiver, emm\u00e8ne les tout-petits dans un voyage musical et visuel \u00e0 la d\u00e9couverte des saisons. Gr\u00e2ce aux histoires po\u00e9tiques et pleines de tendresse que lui racontent ses petits amis les animaux en peluche, et au d\u00e9cor figurant la nature, la &hellip; <\/p>\n<p class=\"link-more\"><a href=\"https:\/\/compagnie-franlia-hanna-fiedrich.com\/index.php\/creations-actuelles\/la-fee-du-froid\/\" class=\"more-link\">Continuer la lecture<span class=\"screen-reader-text\"> de &laquo;&nbsp;La F\u00e9e du Froid&nbsp;&raquo;<\/span><\/a><\/p>\n","protected":false},"author":1,"featured_media":0,"parent":47,"menu_order":0,"comment_status":"closed","ping_status":"closed","template":"","meta":{"footnotes":""},"class_list":["post-62","page","type-page","status-publish","hentry"],"_links":{"self":[{"href":"https:\/\/compagnie-franlia-hanna-fiedrich.com\/index.php\/wp-json\/wp\/v2\/pages\/62","targetHints":{"allow":["GET"]}}],"collection":[{"href":"https:\/\/compagnie-franlia-hanna-fiedrich.com\/index.php\/wp-json\/wp\/v2\/pages"}],"about":[{"href":"https:\/\/compagnie-franlia-hanna-fiedrich.com\/index.php\/wp-json\/wp\/v2\/types\/page"}],"author":[{"embeddable":true,"href":"https:\/\/compagnie-franlia-hanna-fiedrich.com\/index.php\/wp-json\/wp\/v2\/users\/1"}],"replies":[{"embeddable":true,"href":"https:\/\/compagnie-franlia-hanna-fiedrich.com\/index.php\/wp-json\/wp\/v2\/comments?post=62"}],"version-history":[{"count":12,"href":"https:\/\/compagnie-franlia-hanna-fiedrich.com\/index.php\/wp-json\/wp\/v2\/pages\/62\/revisions"}],"predecessor-version":[{"id":775,"href":"https:\/\/compagnie-franlia-hanna-fiedrich.com\/index.php\/wp-json\/wp\/v2\/pages\/62\/revisions\/775"}],"up":[{"embeddable":true,"href":"https:\/\/compagnie-franlia-hanna-fiedrich.com\/index.php\/wp-json\/wp\/v2\/pages\/47"}],"wp:attachment":[{"href":"https:\/\/compagnie-franlia-hanna-fiedrich.com\/index.php\/wp-json\/wp\/v2\/media?parent=62"}],"curies":[{"name":"wp","href":"https:\/\/api.w.org\/{rel}","templated":true}]}}