{"id":316,"date":"2019-03-30T11:43:43","date_gmt":"2019-03-30T10:43:43","guid":{"rendered":"http:\/\/compagnie-franlia-hanna-fiedrich.com\/?page_id=316"},"modified":"2019-06-03T14:17:01","modified_gmt":"2019-06-03T12:17:01","slug":"videos","status":"publish","type":"page","link":"https:\/\/compagnie-franlia-hanna-fiedrich.com\/index.php\/videos\/","title":{"rendered":"Vid\u00e9os"},"content":{"rendered":"\n<figure class=\"wp-block-embed-youtube wp-block-embed is-type-video is-provider-youtube wp-embed-aspect-16-9 wp-has-aspect-ratio\"><div class=\"wp-block-embed__wrapper\">\n<iframe loading=\"lazy\" title=\"Vid\u00e9o quatre cr\u00e9ations Hanna Fiedrich\" width=\"525\" height=\"295\" src=\"https:\/\/www.youtube.com\/embed\/kiLEN2CqJDI?feature=oembed\" frameborder=\"0\" allow=\"accelerometer; autoplay; clipboard-write; encrypted-media; gyroscope; picture-in-picture; web-share\" referrerpolicy=\"strict-origin-when-cross-origin\" allowfullscreen><\/iframe>\n<\/div><\/figure>\n\n\n\n<h2 class=\"wp-block-heading\">Vid\u00e9os cr\u00e9ations actuelles<\/h2>\n\n\n\n<figure class=\"wp-block-embed-youtube wp-block-embed is-type-video is-provider-youtube wp-embed-aspect-16-9 wp-has-aspect-ratio\"><div class=\"wp-block-embed__wrapper\">\n<iframe loading=\"lazy\" title=\"La F\u00e9e du Froid - Spectacle enfants 1 \u00e0 5 ans\" width=\"525\" height=\"295\" src=\"https:\/\/www.youtube.com\/embed\/RCNPc9NT8kk?feature=oembed\" frameborder=\"0\" allow=\"accelerometer; autoplay; clipboard-write; encrypted-media; gyroscope; picture-in-picture; web-share\" referrerpolicy=\"strict-origin-when-cross-origin\" allowfullscreen><\/iframe>\n<\/div><\/figure>\n\n\n\n<figure class=\"wp-block-embed-youtube wp-block-embed is-type-video is-provider-youtube wp-embed-aspect-16-9 wp-has-aspect-ratio\"><div class=\"wp-block-embed__wrapper\">\n<iframe loading=\"lazy\" title=\"La Voix Humaine France3 Corse\" width=\"525\" height=\"295\" src=\"https:\/\/www.youtube.com\/embed\/sRiJyu9PN2k?feature=oembed\" frameborder=\"0\" allow=\"accelerometer; autoplay; clipboard-write; encrypted-media; gyroscope; picture-in-picture; web-share\" referrerpolicy=\"strict-origin-when-cross-origin\" allowfullscreen><\/iframe>\n<\/div><\/figure>\n\n\n\n<figure class=\"wp-block-embed-youtube wp-block-embed is-type-video is-provider-youtube wp-embed-aspect-16-9 wp-has-aspect-ratio\"><div class=\"wp-block-embed__wrapper\">\n<iframe loading=\"lazy\" title=\"La Voix Humaine de Jean Cocteau\" width=\"525\" height=\"295\" src=\"https:\/\/www.youtube.com\/embed\/-MPE3Mi74V8?feature=oembed\" frameborder=\"0\" allow=\"accelerometer; autoplay; clipboard-write; encrypted-media; gyroscope; picture-in-picture; web-share\" referrerpolicy=\"strict-origin-when-cross-origin\" allowfullscreen><\/iframe>\n<\/div><\/figure>\n\n\n\n<figure class=\"wp-block-embed-youtube wp-block-embed is-type-video is-provider-youtube wp-embed-aspect-16-9 wp-has-aspect-ratio\"><div class=\"wp-block-embed__wrapper\">\n<iframe loading=\"lazy\" title=\"L&#039;Amour et la Mer de et avec Hanna Fiedrich\" width=\"525\" height=\"295\" src=\"https:\/\/www.youtube.com\/embed\/Ft2I4xdKHY8?feature=oembed\" frameborder=\"0\" allow=\"accelerometer; autoplay; clipboard-write; encrypted-media; gyroscope; picture-in-picture; web-share\" referrerpolicy=\"strict-origin-when-cross-origin\" allowfullscreen><\/iframe>\n<\/div><\/figure>\n\n\n\n<figure class=\"wp-block-embed-youtube wp-block-embed is-type-video is-provider-youtube wp-embed-aspect-16-9 wp-has-aspect-ratio\"><div class=\"wp-block-embed__wrapper\">\n<iframe loading=\"lazy\" title=\"L&#039;ultime chemin de Walter Benjamin, de Jean-Pierre Bonnel\" width=\"525\" height=\"295\" src=\"https:\/\/www.youtube.com\/embed\/jNJFpnYJqMQ?feature=oembed\" frameborder=\"0\" allow=\"accelerometer; autoplay; clipboard-write; encrypted-media; gyroscope; picture-in-picture; web-share\" referrerpolicy=\"strict-origin-when-cross-origin\" allowfullscreen><\/iframe>\n<\/div><\/figure>\n\n\n\n<h2 class=\"wp-block-heading\">Autres vid\u00e9os<\/h2>\n\n\n\n<figure class=\"wp-block-embed-youtube wp-block-embed is-type-video is-provider-youtube wp-embed-aspect-16-9 wp-has-aspect-ratio\"><div class=\"wp-block-embed__wrapper\">\n<iframe loading=\"lazy\" title=\"Festival franco-catalan VISAVIS pour le th\u00e9\u00e2tre\" width=\"525\" height=\"295\" src=\"https:\/\/www.youtube.com\/embed\/UzqIpvDPyyY?feature=oembed\" frameborder=\"0\" allow=\"accelerometer; autoplay; clipboard-write; encrypted-media; gyroscope; picture-in-picture; web-share\" referrerpolicy=\"strict-origin-when-cross-origin\" allowfullscreen><\/iframe>\n<\/div><\/figure>\n\n\n\n<figure class=\"wp-block-embed-youtube wp-block-embed is-type-video is-provider-youtube wp-embed-aspect-4-3 wp-has-aspect-ratio\"><div class=\"wp-block-embed__wrapper\">\n<iframe loading=\"lazy\" title=\"La voix humaine - Jean Cocteau\" width=\"525\" height=\"394\" src=\"https:\/\/www.youtube.com\/embed\/bP5gSgTbccs?feature=oembed\" frameborder=\"0\" allow=\"accelerometer; autoplay; clipboard-write; encrypted-media; gyroscope; picture-in-picture; web-share\" referrerpolicy=\"strict-origin-when-cross-origin\" allowfullscreen><\/iframe>\n<\/div><\/figure>\n\n\n\n<figure class=\"wp-block-embed-youtube wp-block-embed is-type-video is-provider-youtube wp-embed-aspect-16-9 wp-has-aspect-ratio\"><div class=\"wp-block-embed__wrapper\">\n<iframe loading=\"lazy\" title=\"Sous le soleil de Frieda de et avec Hanna Fiedrich - Monologue vitamin\u00e9\" width=\"525\" height=\"295\" src=\"https:\/\/www.youtube.com\/embed\/uD8FlEi8Kc0?feature=oembed\" frameborder=\"0\" allow=\"accelerometer; autoplay; clipboard-write; encrypted-media; gyroscope; picture-in-picture; web-share\" referrerpolicy=\"strict-origin-when-cross-origin\" allowfullscreen><\/iframe>\n<\/div><\/figure>\n\n\n\n<figure class=\"wp-block-video\"><video height=\"1090\" style=\"aspect-ratio: 1920 \/ 1090;\" width=\"1920\" controls src=\"http:\/\/compagnie-franlia-hanna-fiedrich.com\/wp-content\/uploads\/2019\/06\/Bande-d\u00e9mo-fran\u00e7ais-converted.mp4\"><\/video><\/figure>\n\n\n\n<figure class=\"wp-block-video\"><video height=\"1090\" style=\"aspect-ratio: 1920 \/ 1090;\" width=\"1920\" controls src=\"http:\/\/compagnie-franlia-hanna-fiedrich.com\/wp-content\/uploads\/2019\/06\/Demo-deutsch-allemand-converted.mp4\"><\/video><\/figure>\n","protected":false},"excerpt":{"rendered":"<p>Vid\u00e9os cr\u00e9ations actuelles Autres vid\u00e9os<\/p>\n","protected":false},"author":1,"featured_media":0,"parent":0,"menu_order":0,"comment_status":"closed","ping_status":"closed","template":"","meta":{"footnotes":""},"class_list":["post-316","page","type-page","status-publish","hentry"],"_links":{"self":[{"href":"https:\/\/compagnie-franlia-hanna-fiedrich.com\/index.php\/wp-json\/wp\/v2\/pages\/316","targetHints":{"allow":["GET"]}}],"collection":[{"href":"https:\/\/compagnie-franlia-hanna-fiedrich.com\/index.php\/wp-json\/wp\/v2\/pages"}],"about":[{"href":"https:\/\/compagnie-franlia-hanna-fiedrich.com\/index.php\/wp-json\/wp\/v2\/types\/page"}],"author":[{"embeddable":true,"href":"https:\/\/compagnie-franlia-hanna-fiedrich.com\/index.php\/wp-json\/wp\/v2\/users\/1"}],"replies":[{"embeddable":true,"href":"https:\/\/compagnie-franlia-hanna-fiedrich.com\/index.php\/wp-json\/wp\/v2\/comments?post=316"}],"version-history":[{"count":18,"href":"https:\/\/compagnie-franlia-hanna-fiedrich.com\/index.php\/wp-json\/wp\/v2\/pages\/316\/revisions"}],"predecessor-version":[{"id":846,"href":"https:\/\/compagnie-franlia-hanna-fiedrich.com\/index.php\/wp-json\/wp\/v2\/pages\/316\/revisions\/846"}],"wp:attachment":[{"href":"https:\/\/compagnie-franlia-hanna-fiedrich.com\/index.php\/wp-json\/wp\/v2\/media?parent=316"}],"curies":[{"name":"wp","href":"https:\/\/api.w.org\/{rel}","templated":true}]}}